{"id":23,"date":"2022-09-04T12:36:34","date_gmt":"2022-09-04T12:36:34","guid":{"rendered":"https:\/\/www.preixy.fr\/preixy\/?page_id=23"},"modified":"2022-09-04T19:05:36","modified_gmt":"2022-09-04T19:05:36","slug":"dan-preixy","status":"publish","type":"page","link":"https:\/\/www.preixy.fr\/preixy\/","title":{"rendered":"BIENVENUE !"},"content":{"rendered":"\n<p>Je m\u2019appelle Daniel BERTRAND alias Dan PREIXY pour mes activit\u00e9s artistiques. <\/p>\n\n\n\n<p>Ma passion par dessus tout est\u00a0<strong>la cr\u00e9ation<\/strong>, elle se d\u00e9cline dans mes diff\u00e9rentes activit\u00e9s telles que la peinture, l\u2019\u00e9criture, la composition, la photographie ou l\u2019informatique.<\/p>\n\n\n\n<p>Vous trouverez sur ce site des exemples de mon travail ou de celui de mes partenaires r\u00e9alis\u00e9 dans le cadre de mes loisirs.<\/p>\n\n\n\n<p>Mon but : partager ce travail, avoir du retour et ouvrir les portes aux id\u00e9es nouvelles.<\/p>\n\n\n\n<p>Bonne visite.<\/p>\n","protected":false},"excerpt":{"rendered":"<p>Je m\u2019appelle Daniel BERTRAND alias Dan PREIXY pour mes activit\u00e9s artistiques. Ma passion par dessus tout est\u00a0la cr\u00e9ation, elle se d\u00e9cline dans mes diff\u00e9rentes activit\u00e9s telles que la peinture, l\u2019\u00e9criture, la composition, la photographie ou l\u2019informatique. Vous trouverez sur ce &hellip;<\/p>\n<p class=\"read-more\"> <a class=\"more-link\" href=\"https:\/\/www.preixy.fr\/preixy\/\"> <span class=\"screen-reader-text\">BIENVENUE !<\/span> Read More &raquo;<\/a><\/p>\n","protected":false},"author":1,"featured_media":0,"parent":0,"menu_order":0,"comment_status":"closed","ping_status":"closed","template":"full-width-page.php","meta":{"footnotes":""},"class_list":["post-23","page","type-page","status-publish","hentry"],"_links":{"self":[{"href":"https:\/\/www.preixy.fr\/preixy\/wp-json\/wp\/v2\/pages\/23","targetHints":{"allow":["GET"]}}],"collection":[{"href":"https:\/\/www.preixy.fr\/preixy\/wp-json\/wp\/v2\/pages"}],"about":[{"href":"https:\/\/www.preixy.fr\/preixy\/wp-json\/wp\/v2\/types\/page"}],"author":[{"embeddable":true,"href":"https:\/\/www.preixy.fr\/preixy\/wp-json\/wp\/v2\/users\/1"}],"replies":[{"embeddable":true,"href":"https:\/\/www.preixy.fr\/preixy\/wp-json\/wp\/v2\/comments?post=23"}],"version-history":[{"count":2,"href":"https:\/\/www.preixy.fr\/preixy\/wp-json\/wp\/v2\/pages\/23\/revisions"}],"predecessor-version":[{"id":38,"href":"https:\/\/www.preixy.fr\/preixy\/wp-json\/wp\/v2\/pages\/23\/revisions\/38"}],"wp:attachment":[{"href":"https:\/\/www.preixy.fr\/preixy\/wp-json\/wp\/v2\/media?parent=23"}],"curies":[{"name":"wp","href":"https:\/\/api.w.org\/{rel}","templated":true}]}}