{"id":23,"date":"2022-09-02T16:58:48","date_gmt":"2022-09-02T16:58:48","guid":{"rendered":"http:\/\/www.preixy.fr\/garde\/contact\/"},"modified":"2022-09-17T13:22:18","modified_gmt":"2022-09-17T13:22:18","slug":"contact","status":"publish","type":"page","link":"https:\/\/www.preixy.fr\/garde\/contact\/","title":{"rendered":"Contact"},"content":{"rendered":"\r\n\r\n\r\n\r\n\r\n<h2>Nous contacter :\u00a0<\/h2>\r\n<p>Attention, la messagerie n&rsquo;est lue qu&rsquo;une fois par semaine le samedi, les d\u00e9lais de r\u00e9ponse peuvent \u00eatre importants.<\/p>\r\n<p>Adresse E-mail : ascp@preixy.fr<\/p>\r\n<p>Pour une urgence contactez directement le pr\u00e9sident Daniel BERTRAND par t\u00e9l\u00e9phone au 06.02.25.93.89.<\/p>\r\n","protected":false},"excerpt":{"rendered":"","protected":false},"author":1,"featured_media":0,"parent":0,"menu_order":0,"comment_status":"closed","ping_status":"closed","template":"","meta":{"pagelayer_contact_templates":null,"_pagelayer_content":"","footnotes":""},"class_list":["post-23","page","type-page","status-publish","hentry"],"_links":{"self":[{"href":"https:\/\/www.preixy.fr\/garde\/wp-json\/wp\/v2\/pages\/23","targetHints":{"allow":["GET"]}}],"collection":[{"href":"https:\/\/www.preixy.fr\/garde\/wp-json\/wp\/v2\/pages"}],"about":[{"href":"https:\/\/www.preixy.fr\/garde\/wp-json\/wp\/v2\/types\/page"}],"author":[{"embeddable":true,"href":"https:\/\/www.preixy.fr\/garde\/wp-json\/wp\/v2\/users\/1"}],"replies":[{"embeddable":true,"href":"https:\/\/www.preixy.fr\/garde\/wp-json\/wp\/v2\/comments?post=23"}],"version-history":[{"count":7,"href":"https:\/\/www.preixy.fr\/garde\/wp-json\/wp\/v2\/pages\/23\/revisions"}],"predecessor-version":[{"id":251,"href":"https:\/\/www.preixy.fr\/garde\/wp-json\/wp\/v2\/pages\/23\/revisions\/251"}],"wp:attachment":[{"href":"https:\/\/www.preixy.fr\/garde\/wp-json\/wp\/v2\/media?parent=23"}],"curies":[{"name":"wp","href":"https:\/\/api.w.org\/{rel}","templated":true}]}}