{"id":22,"date":"2022-09-02T16:58:48","date_gmt":"2022-09-02T16:58:48","guid":{"rendered":"http:\/\/www.preixy.fr\/garde\/about\/"},"modified":"2024-05-05T08:30:53","modified_gmt":"2024-05-05T08:30:53","slug":"about","status":"publish","type":"page","link":"https:\/\/www.preixy.fr\/garde\/about\/","title":{"rendered":"ATELIERS"},"content":{"rendered":"\r\n\r\n\r\n\r\n\r\n\r\n\r\n\r\n\r\n\r\n\r\n<h3>ATELIERS MIS EN PLACE DEPUIS LE DEBUT DE L&rsquo;ASSOCIATION<\/h3>\r\n<div class=\"p-tpp4341 pagelayer-row pagelayer-row-stretch-auto pagelayer-height-default\">\r\n<div class=\"pagelayer-row-holder pagelayer-row pagelayer-auto pagelayer-width-auto\">\r\n<div class=\"p-gu96281 pagelayer-col\">\r\n<div class=\"pagelayer-col-holder\">\r\n<div class=\"p-88n6401 pagelayer-inner_row pagelayer-row-stretch-auto pagelayer-height-default\">\r\n<div class=\"pagelayer-row-holder pagelayer-row pagelayer-auto pagelayer-width-auto\">\r\n<div class=\"p-02u8302 pagelayer-col pagelayer-col-4\">\r\n<div class=\"pagelayer-col-holder\">\r\n<div class=\"p-qdu6147 pagelayer-iconbox\">\r\n<div class=\"pagelayer-service-container pagelayer-service-align-top pagelayer-service-vertical-{{service_vertical_alignment}}\">\r\n<div class=\"pagelayer-service-details\">\r\n<div class=\"pagelayer-service-text\">\r\n<p>Depuis la cr\u00e9ation de l&rsquo;association de nombreux ateliers on \u00e9t\u00e9 cr\u00e9\u00e9s, ont disparus ou existent encore.<\/p>\r\n<p>Chaque ann\u00e9e lors de l&rsquo;assembl\u00e9e g\u00e9n\u00e9rale sont choisi les ateliers qui fonctionneront sur l&rsquo;ann\u00e9e \u00e0 venir.<\/p>\r\n<p>Ci-dessous la liste des diff\u00e9rents atelier qui ont \u00e9t\u00e9 port\u00e9s par l&rsquo;association :\u00a0<\/p>\r\n<ul>\r\n<li>Tennis de Tables<\/li>\r\n<li>Atelier informatique (les bases de l&rsquo;utilisation d&rsquo;un ordinateur)<\/li>\r\n<li>Atelier nouvelles technologie (veille technologique, informatique, t\u00e9l\u00e9phonie, intelligence artificielle, montage vid\u00e9o, 3D &#8230;)<\/li>\r\n<li>Atelier couture (couture, tricot, cr\u00e9ations \u00e0 base de tissus (sacs. peluche, &#8230;))<\/li>\r\n<li>Atelier jeux de soci\u00e9t\u00e9s (chaque semaine un jeu diff\u00e9rents, beaucoup de jeux de cartes et de d\u00e8s ainsi que des jeux de plateaux)<\/li>\r\n<li>Atelier peinture<\/li>\r\n<li>Atelier cr\u00e9atif (dessin, sculpture, b\u00e9ton cellulaire, terre glaise, papier mach\u00e9, maquettes &#8230;)<\/li>\r\n<li>Atelier Minecraft (refaire tous ensemble de mani\u00e8re ludique le village de Preixan dans le jeu Minecraft)<\/li>\r\n<li>Atelier chant (pr\u00e9paration de spectacles de fin d&rsquo;ann\u00e9e, karaok\u00e9 &#8230;)<\/li>\r\n<li>Atelier com\u00e9die musicale ( avec les ateliers couture, cr\u00e9atif, informatique et chant, cr\u00e9ation d&rsquo;une com\u00e9die musicale pr\u00e9sent\u00e9e en 2018)<\/li>\r\n<li>Atelier randonn\u00e9e p\u00e9destre autour de Preixan<\/li>\r\n<li>Atelier danse<\/li>\r\n<li>Atelier photo<\/li>\r\n<\/ul>\r\n<p>Vous avez des id\u00e9es, des th\u00e9matiques m\u00eame loufoque, toutes les id\u00e9es seront \u00e9tudi\u00e9es.<\/p>\r\n<\/div>\r\n<\/div>\r\n<\/div>\r\n<\/div>\r\n<\/div>\r\n<\/div>\r\n<\/div>\r\n<\/div>\r\n<\/div>\r\n<\/div>\r\n<\/div>\r\n<\/div>\r\n<div class=\"p-cdj4667 pagelayer-row pagelayer-row-stretch-auto pagelayer-height-default\">\r\n<div class=\"pagelayer-row-holder pagelayer-row pagelayer-auto pagelayer-width-auto\">\r\n<div class=\"p-apt1544 pagelayer-col pagelayer-col-8\">\r\n<div class=\"pagelayer-col-holder\">\r\n<div class=\"p-xdg656 pagelayer-heading\" align=\"center\">\r\n<div class=\"pagelayer-heading-holder\">\u00a0<\/div>\r\n<\/div>\r\n<\/div>\r\n<\/div>\r\n<\/div>\r\n<\/div>\r\n\r\n<p>&nbsp;<\/p>","protected":false},"excerpt":{"rendered":"<p>&nbsp;<\/p>\n","protected":false},"author":1,"featured_media":0,"parent":0,"menu_order":0,"comment_status":"closed","ping_status":"closed","template":"","meta":{"pagelayer_contact_templates":[],"_pagelayer_content":"","footnotes":""},"class_list":["post-22","page","type-page","status-publish","hentry"],"_links":{"self":[{"href":"https:\/\/www.preixy.fr\/garde\/wp-json\/wp\/v2\/pages\/22","targetHints":{"allow":["GET"]}}],"collection":[{"href":"https:\/\/www.preixy.fr\/garde\/wp-json\/wp\/v2\/pages"}],"about":[{"href":"https:\/\/www.preixy.fr\/garde\/wp-json\/wp\/v2\/types\/page"}],"author":[{"embeddable":true,"href":"https:\/\/www.preixy.fr\/garde\/wp-json\/wp\/v2\/users\/1"}],"replies":[{"embeddable":true,"href":"https:\/\/www.preixy.fr\/garde\/wp-json\/wp\/v2\/comments?post=22"}],"version-history":[{"count":5,"href":"https:\/\/www.preixy.fr\/garde\/wp-json\/wp\/v2\/pages\/22\/revisions"}],"predecessor-version":[{"id":328,"href":"https:\/\/www.preixy.fr\/garde\/wp-json\/wp\/v2\/pages\/22\/revisions\/328"}],"wp:attachment":[{"href":"https:\/\/www.preixy.fr\/garde\/wp-json\/wp\/v2\/media?parent=22"}],"curies":[{"name":"wp","href":"https:\/\/api.w.org\/{rel}","templated":true}]}}